{"id":885,"date":"2021-06-03T23:30:45","date_gmt":"2021-06-03T22:30:45","guid":{"rendered":"https:\/\/escapetoyourfuture.eu\/?page_id=885"},"modified":"2022-07-09T11:21:32","modified_gmt":"2022-07-09T10:21:32","slug":"meetings","status":"publish","type":"page","link":"https:\/\/escapetoyourfuture.eu\/es\/meetings\/","title":{"rendered":"Meetings"},"content":{"rendered":"<div class=\"wp-block-cover alignfull\" style=\"min-height:456px;aspect-ratio:unset;\"><span aria-hidden=\"true\" class=\"wp-block-cover__background has-neve-link-color-background-color has-background-dim-80 has-background-dim\"><\/span><img decoding=\"async\" width=\"600\" height=\"600\" class=\"wp-block-cover__image-background wp-image-36\" alt=\"\" src=\"https:\/\/escapetoyourfuture.eu\/wp-content\/uploads\/2020\/01\/neve-web-design-bg-09.jpg\" style=\"object-position:55% 56%\" data-object-fit=\"cover\" data-object-position=\"55% 56%\"\/><div class=\"wp-block-cover__inner-container is-layout-flow wp-block-cover-is-layout-flow\">\n<div style=\"height:100px\" aria-hidden=\"true\" class=\"wp-block-spacer\"><\/div>\n\n\n\n<h1 class=\"has-text-align-center has-nv-text-dark-bg-color has-text-color wp-block-heading\">Multiplier Events<\/h1>\n\n\n\n<div style=\"height:100px\" aria-hidden=\"true\" class=\"wp-block-spacer\"><\/div>\n<\/div><\/div>\n\n\n\n<p><\/p>\n\n\n\n<div class=\"wp-block-columns is-layout-flex wp-container-core-columns-is-layout-9d6595d7 wp-block-columns-is-layout-flex\">\n<div class=\"wp-block-column is-layout-flow wp-block-column-is-layout-flow\">\n<h2 class=\"has-nv-c-1-color has-text-color wp-block-heading\">Pozna\u0144, Poland<\/h2>\n\n\n\n<p>We are organising the last International Conference of the project in Pozna\u0144 (after one in Portugal and another one in Spain)!&nbsp; During the event, we will share all the intellectual outputs developed by our team: the gamification guide, the MOOC course on employment and entrepreneurship, and the escape box game. We will also visit a social enterprise &#8220;Niewidzialna ulica&#8221;, where we will have a chance to look at the world from the perspective of a blind person while learning about employability. Join us on Saturday and let&#8217;s learn together!<\/p>\n\n\n\n\n\n<p>See on <a href=\"https:\/\/www.facebook.com\/media\/set\/?set=a.459902066138811&amp;type=3\" data-type=\"URL\" data-id=\"https:\/\/www.facebook.com\/media\/set\/?set=a.459902066138811&amp;type=3\" target=\"_blank\" rel=\"noreferrer noopener\">social media<\/a>.<\/p>\n<\/div>\n\n\n\n<div class=\"wp-block-column is-layout-flow wp-block-column-is-layout-flow\">\n<figure class=\"wp-block-image size-large\"><img decoding=\"async\" width=\"1024\" height=\"683\" src=\"https:\/\/escapetoyourfuture.eu\/wp-content\/uploads\/2022\/06\/pexels-egor-komarov-11618611-1024x683.jpg\" alt=\"\" class=\"wp-image-1459\" srcset=\"https:\/\/escapetoyourfuture.eu\/wp-content\/uploads\/2022\/06\/pexels-egor-komarov-11618611-1024x683.jpg 1024w, https:\/\/escapetoyourfuture.eu\/wp-content\/uploads\/2022\/06\/pexels-egor-komarov-11618611-300x200.jpg 300w, https:\/\/escapetoyourfuture.eu\/wp-content\/uploads\/2022\/06\/pexels-egor-komarov-11618611-768x512.jpg 768w, https:\/\/escapetoyourfuture.eu\/wp-content\/uploads\/2022\/06\/pexels-egor-komarov-11618611-1536x1024.jpg 1536w, https:\/\/escapetoyourfuture.eu\/wp-content\/uploads\/2022\/06\/pexels-egor-komarov-11618611-2048x1365.jpg 2048w, https:\/\/escapetoyourfuture.eu\/wp-content\/uploads\/2022\/06\/pexels-egor-komarov-11618611-18x12.jpg 18w, https:\/\/escapetoyourfuture.eu\/wp-content\/uploads\/2022\/06\/pexels-egor-komarov-11618611-930x620.jpg 930w, https:\/\/escapetoyourfuture.eu\/wp-content\/uploads\/2022\/06\/pexels-egor-komarov-11618611-50x33.jpg 50w, https:\/\/escapetoyourfuture.eu\/wp-content\/uploads\/2022\/06\/pexels-egor-komarov-11618611-100x67.jpg 100w\" sizes=\"(max-width: 1024px) 100vw, 1024px\" \/><figcaption>Source &#8211; Egor Komarov (Pexels)<\/figcaption><\/figure>\n<\/div>\n<\/div>\n\n\n\n<p><\/p>\n\n\n\n<div class=\"wp-block-columns is-layout-flex wp-container-core-columns-is-layout-9d6595d7 wp-block-columns-is-layout-flex\">\n<div class=\"wp-block-column is-layout-flow wp-block-column-is-layout-flow\" style=\"flex-basis:50%\">\n<div class=\"wp-block-group\"><div class=\"wp-block-group__inner-container is-layout-flow wp-block-group-is-layout-flow\">\n<h2 class=\"has-nv-c-1-color has-text-color wp-block-heading\">Barcelona, Spain<\/h2>\n\n\n\n<p>This event was the second International Conference of the Project to which all the project&#8217;s stakeholders are invited to attend. This multiplier event had the major aim of sharing all the intellectual outputs developed (IO1, IO2 and IO3) and their first results as well as to know about the Learning, Teaching and Training activity from the eyes of the participants with all the community surrounding the project.<\/p>\n\n\n\n<p>As we aim to maintain the results and activities after the lifespan of the project funding, this event had an important role by guaranteeing that the users of the developed outcomes can see them in action and at their full extent.<\/p>\n\n\n\n<p><em>Aquest esdeveniment \u00e9s l&#8217;\u00faltima Confer\u00e8ncia Internacional del Projecte (despr\u00e9s d&#8217;una a Portugal i una altra a Pol\u00f2nia) a la qual estan convidats a assistir tots els grups d&#8217;inter\u00e8s del projecte. Aquest esdeveniment multiplicador tindr\u00e0 com a objectiu principal compartir totes les produccions intel\u00b7lectuals desenvolupades (IO1, IO2 i IO3) i els seus primers resultats aix\u00ed com con\u00e8ixer l&#8217;activitat d&#8217;Aprenentatge, Ensenyament i Formaci\u00f3 des dels ulls dels i les participants amb tota la comunitat que envolta el projecte.<\/em><\/p>\n\n\n\n<p><em>Com que pretenem mantenir els resultats i les activitats despr\u00e9s de la vida \u00fatil del finan\u00e7ament del projecte, s&#8217;espera que aquest esdeveniment tingui un paper important en garantir que els usuaris dels resultats desenvolupats els puguin veure en acci\u00f3 i en tota la seva extensi\u00f3.<\/em><\/p>\n\n\n\n<div style=\"display: inline-flex;width: 100%;align-items: baseline;\">\n<div class=\"wp-block-button is-style-secondary\" style=\"width:50%\"><a class=\"wp-block-button__link has-nv-c-1-background-color has-background\" href=\"https:\/\/drive.google.com\/file\/d\/1R4nY6Fof2mGb6oQO1HXUz2ZXA1WIfWaW\/view\" target=\"_blank\" rel=\"noopener\">Read more<\/a><\/div>\n<div style=\"text-align:end; width:50%\">\n<span class=\"fa-stack fa-lg\" style=\"text-align:right;\">\n  <i class=\"fa fa-circle fa-stack-2x icon-background\"><\/i>\n  <i class=\"fa fa-calendar text-white fa-stack-1x\"><\/i>\n<\/span>\n<label><b>21 of June (17:00 &#8211; 19:00), 2022<\/b><\/label><\/div>\n<\/div>\n\n\n\n<p> See on <a rel=\"noreferrer noopener\" href=\"https:\/\/www.facebook.com\/permalink.php?story_fbid=pfbid032uAW1rwowDwgjqqVTkzMk2fhibETtz45sPud4z6GLjz3bZ5DaNrdP18XGjhLcwiCl&amp;id=103960491732972\" target=\"_blank\">social media<\/a>.<\/p>\n<\/div><\/div>\n<\/div>\n\n\n\n<div class=\"wp-block-column is-layout-flow wp-block-column-is-layout-flow\" style=\"flex-basis:50%\">\n<figure class=\"wp-block-image size-large\"><img decoding=\"async\" width=\"778\" height=\"1024\" src=\"https:\/\/escapetoyourfuture.eu\/wp-content\/uploads\/2022\/06\/pexels-nick-wehrli-5282585-778x1024.webp\" alt=\"\" class=\"wp-image-1434\" srcset=\"https:\/\/escapetoyourfuture.eu\/wp-content\/uploads\/2022\/06\/pexels-nick-wehrli-5282585-778x1024.webp 778w, https:\/\/escapetoyourfuture.eu\/wp-content\/uploads\/2022\/06\/pexels-nick-wehrli-5282585-228x300.webp 228w, https:\/\/escapetoyourfuture.eu\/wp-content\/uploads\/2022\/06\/pexels-nick-wehrli-5282585-768x1011.webp 768w, https:\/\/escapetoyourfuture.eu\/wp-content\/uploads\/2022\/06\/pexels-nick-wehrli-5282585-1166x1536.webp 1166w, https:\/\/escapetoyourfuture.eu\/wp-content\/uploads\/2022\/06\/pexels-nick-wehrli-5282585-9x12.webp 9w, https:\/\/escapetoyourfuture.eu\/wp-content\/uploads\/2022\/06\/pexels-nick-wehrli-5282585-38x50.webp 38w, https:\/\/escapetoyourfuture.eu\/wp-content\/uploads\/2022\/06\/pexels-nick-wehrli-5282585-76x100.webp 76w, https:\/\/escapetoyourfuture.eu\/wp-content\/uploads\/2022\/06\/pexels-nick-wehrli-5282585.webp 1430w\" sizes=\"(max-width: 778px) 100vw, 778px\" \/><figcaption>Source &#8211; Nick Werhli (Pexels)<\/figcaption><\/figure>\n<\/div>\n<\/div>\n\n\n\n<p><\/p>\n\n\n\n<div class=\"wp-block-columns is-layout-flex wp-container-core-columns-is-layout-9d6595d7 wp-block-columns-is-layout-flex\">\n<div class=\"wp-block-column is-layout-flow wp-block-column-is-layout-flow\" style=\"flex-basis:50%\">\n<div class=\"wp-block-group\"><div class=\"wp-block-group__inner-container is-layout-flow wp-block-group-is-layout-flow\">\n<h2 class=\"has-nv-c-1-color has-text-color wp-block-heading\">Lisbon, Portugal<\/h2>\n\n\n\n<p>This event was the first International Conference of the Project to which all the project&#8217;s stakeholders were invited to attend. This multiplier event had the major aim of sharing the first two intellectual output developed (IO1 and IO2) and its first results. Although IO3 was not finish at them time of the event it was also shown a draft of it were it was discussed with the stakeholders.<\/p>\n\n\n\n<p>More than 100 (national and international) participants attended the event, surpassing all expectations.<\/p>\n\n\n\n<p>Este evento foi a primeira Confer\u00eancia Internacional do Projecto para a qual todos os stakeholders do projecto foram convidados a participar. Este evento multiplicador teve o objectivo principal de partilhar os dois primeiros resultados intelectuais desenvolvidos (IO1 e IO2) e os seus primeiros resultados. Embora o IO3 n\u00e3o estivesse conclu\u00eddo na altura do evento, foi tamb\u00e9m mostrado um draft do mesmo, tendo sido discutido com os participantes no evento.<\/p>\n\n\n\n<p>Mais de 100 participantes (nacionais e internacionais) atenderam ao evento, ultrapassando todas as expectativas.<\/p>\n\n\n\n<div style=\"display: inline-flex;width: 100%;align-items: baseline;\">\n<div class=\"wp-block-button is-style-secondary\" style=\"width:50%\"><a class=\"wp-block-button__link has-nv-c-1-background-color has-background\" href=\"https:\/\/escapetoyourfuture.eu\/wp-content\/uploads\/2022\/06\/Programa_ME.pdf\" target=\"_blank\" rel=\"noopener\">Read more<\/a><\/div>\n<div style=\"text-align:end; width:50%\">\n<span class=\"fa-stack fa-lg\" style=\"text-align:right;\">\n  <i class=\"fa fa-circle fa-stack-2x icon-background\"><\/i>\n  <i class=\"fa fa-calendar text-white fa-stack-1x\"><\/i>\n<\/span>\n<label><b>19 of January, 2022<\/b><\/label><\/div>\n<\/div>\n\n\n\n<p>See on <a rel=\"noreferrer noopener\" href=\"https:\/\/www.facebook.com\/permalink.php?story_fbid=pfbid02EGMi6PRd1CiL1oCTToscLSuuNgoucez4XCCShfqFRnBarqGQLqgbvzRidWfW8SFAl&amp;id=103960491732972\" target=\"_blank\">social media<\/a>.<\/p>\n<\/div><\/div>\n<\/div>\n\n\n\n<div class=\"wp-block-column is-layout-flow wp-block-column-is-layout-flow\" style=\"flex-basis:50%\">\n<figure class=\"wp-block-image size-large\"><img decoding=\"async\" width=\"710\" height=\"1024\" src=\"https:\/\/escapetoyourfuture.eu\/wp-content\/uploads\/2022\/06\/pexels-miguel-a-ferreira-3412019-710x1024.jpg\" alt=\"\" class=\"wp-image-1435\" srcset=\"https:\/\/escapetoyourfuture.eu\/wp-content\/uploads\/2022\/06\/pexels-miguel-a-ferreira-3412019-710x1024.jpg 710w, https:\/\/escapetoyourfuture.eu\/wp-content\/uploads\/2022\/06\/pexels-miguel-a-ferreira-3412019-208x300.jpg 208w, https:\/\/escapetoyourfuture.eu\/wp-content\/uploads\/2022\/06\/pexels-miguel-a-ferreira-3412019-768x1107.jpg 768w, https:\/\/escapetoyourfuture.eu\/wp-content\/uploads\/2022\/06\/pexels-miguel-a-ferreira-3412019-1065x1536.jpg 1065w, https:\/\/escapetoyourfuture.eu\/wp-content\/uploads\/2022\/06\/pexels-miguel-a-ferreira-3412019-1420x2048.jpg 1420w, https:\/\/escapetoyourfuture.eu\/wp-content\/uploads\/2022\/06\/pexels-miguel-a-ferreira-3412019-8x12.jpg 8w, https:\/\/escapetoyourfuture.eu\/wp-content\/uploads\/2022\/06\/pexels-miguel-a-ferreira-3412019-35x50.jpg 35w, https:\/\/escapetoyourfuture.eu\/wp-content\/uploads\/2022\/06\/pexels-miguel-a-ferreira-3412019-69x100.jpg 69w, https:\/\/escapetoyourfuture.eu\/wp-content\/uploads\/2022\/06\/pexels-miguel-a-ferreira-3412019-scaled.jpg 1775w\" sizes=\"(max-width: 710px) 100vw, 710px\" \/><figcaption>Source &#8211; Miguel A Ferreira (Pexels)<\/figcaption><\/figure>\n<\/div>\n<\/div>\n\n\n\n<p><\/p>\n\n\n\n<div class=\"wp-block-cover alignfull\" style=\"min-height:360px;aspect-ratio:unset;\"><span aria-hidden=\"true\" class=\"wp-block-cover__background has-neve-link-color-background-color has-background-dim-80 has-background-dim\"><\/span><img decoding=\"async\" width=\"1920\" height=\"360\" class=\"wp-block-cover__image-background wp-image-1145\" alt=\"\" src=\"https:\/\/escapetoyourfuture.eu\/wp-content\/uploads\/2021\/06\/Asset-2.png\" style=\"object-position:55% 56%\" data-object-fit=\"cover\" data-object-position=\"55% 56%\" srcset=\"https:\/\/escapetoyourfuture.eu\/wp-content\/uploads\/2021\/06\/Asset-2.png 1920w, https:\/\/escapetoyourfuture.eu\/wp-content\/uploads\/2021\/06\/Asset-2-300x56.png 300w, https:\/\/escapetoyourfuture.eu\/wp-content\/uploads\/2021\/06\/Asset-2-1024x192.png 1024w, https:\/\/escapetoyourfuture.eu\/wp-content\/uploads\/2021\/06\/Asset-2-768x144.png 768w, https:\/\/escapetoyourfuture.eu\/wp-content\/uploads\/2021\/06\/Asset-2-1536x288.png 1536w\" sizes=\"(max-width: 1920px) 100vw, 1920px\" \/><div class=\"wp-block-cover__inner-container is-layout-flow wp-block-cover-is-layout-flow\">\n<div style=\"height:100px\" aria-hidden=\"true\" class=\"wp-block-spacer\"><\/div>\n\n\n\n<h1 class=\"has-text-align-center has-nv-text-dark-bg-color has-text-color wp-block-heading\">Meetings<\/h1>\n\n\n\n<div style=\"height:100px\" aria-hidden=\"true\" class=\"wp-block-spacer\"><\/div>\n<\/div><\/div>\n\n\n\n<div style=\"height:80px\" aria-hidden=\"true\" class=\"wp-block-spacer\"><\/div>\n\n\n\n<div style=\"height:50px\" aria-hidden=\"true\" class=\"wp-block-spacer\"><\/div>\n\n\n\n<div class=\"wp-block-columns is-layout-flex wp-container-core-columns-is-layout-9d6595d7 wp-block-columns-is-layout-flex\">\n<div class=\"wp-block-column is-vertically-aligned-center is-layout-flow wp-block-column-is-layout-flow\" style=\"flex-basis:50%\">\n<h2 class=\"has-nv-c-1-color has-text-color wp-block-heading\">Barcelona, Spain<\/h2>\n\n\n\n<p><strong>Hosted by <a id=\"purple\" rel=\"noreferrer noopener\" href=\"https:\/\/politecnics.barcelona\/\" target=\"_blank\">Centre d\u2019Estudis Polit\u00e8cnics<\/a><\/strong> <strong>(from Spain)<\/strong>, this meeting <strong>served to evaluate all the outputs of the project<\/strong> (especially the educational course and the Escape Box, as well as the general development of the project). It <strong>also launched the in-presence moment of the LTT with young people learners,<\/strong> <strong>having also a purpose to reflect on the limitations, improvement proposals and to think about further projects, knowledge transference and dissemination.<\/strong> It was also used to <strong>finalise the preparations for the Multiplier Events<\/strong> (occurring one in Poland and another in Spain after the meeting) and to <strong>make a draft of the Final Report for the National Agency<\/strong>.<\/p>\n\n\n\n<div style=\"height:20px\" aria-hidden=\"true\" class=\"wp-block-spacer\"><\/div>\n\n\n\n<div style=\"display: inline-flex;width: 100%;align-items: baseline;\">\n<div class=\"wp-block-button is-style-secondary\" style=\"width:50%\"><a class=\"wp-block-button__link has-nv-c-1-background-color has-background\" href=\"https:\/\/escapetoyourfuture.eu\/wp-content\/uploads\/2022\/05\/Transnational-project-meeting-2-Barcelona.pdf\" target=\"_blank\" rel=\"noopener\">Read more<\/a><\/div>\n<div style=\"text-align:end; width:50%\">\n<span class=\"fa-stack fa-lg\" style=\"text-align:right;\">\n  <i class=\"fa fa-circle fa-stack-2x icon-background\"><\/i>\n  <i class=\"fa fa-calendar text-white fa-stack-1x\"><\/i>\n<\/span>\n<label><b>25 and 26 of April, 2022<\/b><\/label><\/div>\n<\/div>\n\n\n\n<p>See on <a href=\"https:\/\/www.facebook.com\/permalink.php?story_fbid=pfbid0jbXQwoUFVNZKAkuW2X3nxYZn7gW18nh6LSNtSrbg6Y7kjnPyuS8isRBLr7F7ywAel&amp;id=103960491732972\">social med<\/a><a href=\"https:\/\/www.facebook.com\/permalink.php?story_fbid=pfbid0jbXQwoUFVNZKAkuW2X3nxYZn7gW18nh6LSNtSrbg6Y7kjnPyuS8isRBLr7F7ywAel&amp;id=103960491732972\" target=\"_blank\" rel=\"noreferrer noopener\">ia<\/a>.<\/p>\n<\/div>\n\n\n\n<div class=\"wp-block-column is-layout-flow wp-block-column-is-layout-flow\" style=\"flex-basis:50%\">\n<figure class=\"wp-block-image size-large\"><img decoding=\"async\" width=\"600\" height=\"500\" src=\"https:\/\/escapetoyourfuture.eu\/wp-content\/uploads\/2021\/06\/barcelona.jpg\" alt=\"\" class=\"wp-image-892\" srcset=\"https:\/\/escapetoyourfuture.eu\/wp-content\/uploads\/2021\/06\/barcelona.jpg 600w, https:\/\/escapetoyourfuture.eu\/wp-content\/uploads\/2021\/06\/barcelona-300x250.jpg 300w\" sizes=\"(max-width: 600px) 100vw, 600px\" \/><\/figure>\n<\/div>\n<\/div>\n\n\n\n<div style=\"height:50px\" aria-hidden=\"true\" class=\"wp-block-spacer\"><\/div>\n\n\n\n<div class=\"wp-block-columns is-layout-flex wp-container-core-columns-is-layout-9d6595d7 wp-block-columns-is-layout-flex\">\n<div class=\"wp-block-column is-layout-flow wp-block-column-is-layout-flow\" style=\"flex-basis:50%\">\n<figure class=\"wp-block-image size-large\"><img decoding=\"async\" width=\"600\" height=\"500\" src=\"https:\/\/escapetoyourfuture.eu\/wp-content\/uploads\/2021\/06\/berlin.jpg\" alt=\"\" class=\"wp-image-891\" srcset=\"https:\/\/escapetoyourfuture.eu\/wp-content\/uploads\/2021\/06\/berlin.jpg 600w, https:\/\/escapetoyourfuture.eu\/wp-content\/uploads\/2021\/06\/berlin-300x250.jpg 300w\" sizes=\"(max-width: 600px) 100vw, 600px\" \/><\/figure>\n<\/div>\n\n\n\n<div class=\"wp-block-column is-vertically-aligned-center is-layout-flow wp-block-column-is-layout-flow\" style=\"flex-basis:50%\">\n<h2 class=\"has-neve-link-hover-color-color has-text-color wp-block-heading\">Berlin, Germany<\/h2>\n\n\n\n<p><strong>Hosted by<\/strong> <strong><a rel=\"noreferrer noopener\" href=\"https:\/\/logos.ngo\/\" target=\"_blank\">LOGOS<\/a> (from Poland)<\/strong> on <strong>10 and 11 of June 2021<\/strong>. This was a <strong>monitoring meeting<\/strong> that served to<strong> present the first results of the first intellectual output<\/strong>, <strong>to evaluate them<\/strong> and to <strong>validate it<\/strong>. This meeting, also served to <strong>design the course<\/strong> to <strong>better prepare the young people to the labour market<\/strong> <em>(IO2)<\/em><\/p>\n\n\n\n<div style=\"height:20px\" aria-hidden=\"true\" class=\"wp-block-spacer\"><\/div>\n\n\n\n<div style=\"display: inline-flex;width: 100%;align-items: baseline;\">\n<div class=\"wp-block-button is-style-secondary\" style=\"width:50%\"><a class=\"wp-block-button__link has-nv-c-1-background-color has-background\" href=\"https:\/\/escapetoyourfuture.eu\/wp-content\/uploads\/2021\/06\/Transnational-project-meeting-1-Berlin.pdf\" target=\"_blank\" rel=\"noopener\">Read more<\/a><\/div>\n<div style=\"text-align:end; width:50%\">\n<span class=\"fa-stack fa-lg\" style=\"text-align:right;\">\n  <i class=\"fa fa-circle fa-stack-2x icon-background\"><\/i>\n  <i class=\"fa fa-calendar text-white fa-stack-1x\"><\/i>\n<\/span>\n<label><b>10 and 11 of June, 2021<\/b><\/label><\/div>\n<\/div>\n\n\n\n<p>See on <a href=\"https:\/\/www.facebook.com\/permalink.php?story_fbid=pfbid02H4eJwYxiZadLL38FzvadtVbQDL6rPS7M4hYfTCeq8fZJDW6EmFJNxvvHJEjTx9Yml&amp;id=103960491732972\" target=\"_blank\" rel=\"noreferrer noopener\">social media<\/a>.<\/p>\n<\/div>\n<\/div>\n\n\n\n<div style=\"height:80px\" aria-hidden=\"true\" class=\"wp-block-spacer\"><\/div>\n\n\n\n<p class=\"has-drop-cap has-text-align-left\">The project was expected to hold <strong>four Transnational Meetings<\/strong> (two in Spain and one in each other country of the<br>Partnership, Poland and Portugal) although it ended to have <strong>two Transnational Meetings, one in Poland (at <a rel=\"noreferrer noopener\" href=\"https:\/\/logos.ngo\/\" target=\"_blank\">LOGOS<br>headquarters<\/a>) and one in Spain (at <a id=\"purple\" rel=\"noreferrer noopener purple\" href=\"https:\/\/politecnics.barcelona\/\" target=\"_blank\">C.E. Polit\u00e8cnics headquarters<\/a>)<\/strong>.<br>Also, due to COVID-19 constrains, the Transnational Meeting to occur in Poland happened in <strong>Berlin<\/strong>, <strong>on 10 and 11<br>of June 2021.<\/strong><\/p>\n\n\n\n<p class=\"has-text-align-left\"><br>There will be <strong>two participants from each partner<\/strong>, and in each meeting, there <strong>will be a brief contextualisation of<br>costs and expenses for management purposes<\/strong>.<br><\/p>\n\n\n\n<p class=\"has-text-align-left\">The <strong>kickoff meeting was done online<\/strong> (as well as other follow up online meetings were done monthly) with the aim<br>of personally present all the organisation members, associated members and collaborators involved in the project,<br>introduce the participant organisations to all the partnership and agree the specific schedule of each output<br>production. C.E. Polit\u00e8cnics, also presented a more concrete idea for the first output.<\/p>\n\n\n\n<p><\/p>","protected":false},"excerpt":{"rendered":"<p>Pozna\u0144, Poland We are organising the last International Conference of the project in Pozna\u0144 (after one in Portugal and another one in Spain)!&nbsp; During the event, we will share all the intellectual outputs developed by our team: the gamification guide, the MOOC course on employment and entrepreneurship, and the escape box game. We will also&hellip;&nbsp;<a href=\"https:\/\/escapetoyourfuture.eu\/es\/meetings\/\" class=\"\" rel=\"bookmark\">Leer m\u00e1s &raquo;<span class=\"screen-reader-text\">Meetings<\/span><\/a><\/p>","protected":false},"author":2,"featured_media":0,"parent":0,"menu_order":0,"comment_status":"closed","ping_status":"closed","template":"","meta":{"neve_meta_sidebar":"full-width","neve_meta_container":"","neve_meta_enable_content_width":"on","neve_meta_content_width":100,"neve_meta_title_alignment":"","neve_meta_author_avatar":"","neve_post_elements_order":"","neve_meta_disable_header":"","neve_meta_disable_footer":"","neve_meta_disable_title":"on","footnotes":""},"class_list":["post-885","page","type-page","status-publish","hentry"],"_links":{"self":[{"href":"https:\/\/escapetoyourfuture.eu\/es\/wp-json\/wp\/v2\/pages\/885","targetHints":{"allow":["GET"]}}],"collection":[{"href":"https:\/\/escapetoyourfuture.eu\/es\/wp-json\/wp\/v2\/pages"}],"about":[{"href":"https:\/\/escapetoyourfuture.eu\/es\/wp-json\/wp\/v2\/types\/page"}],"author":[{"embeddable":true,"href":"https:\/\/escapetoyourfuture.eu\/es\/wp-json\/wp\/v2\/users\/2"}],"replies":[{"embeddable":true,"href":"https:\/\/escapetoyourfuture.eu\/es\/wp-json\/wp\/v2\/comments?post=885"}],"version-history":[{"count":73,"href":"https:\/\/escapetoyourfuture.eu\/es\/wp-json\/wp\/v2\/pages\/885\/revisions"}],"predecessor-version":[{"id":1496,"href":"https:\/\/escapetoyourfuture.eu\/es\/wp-json\/wp\/v2\/pages\/885\/revisions\/1496"}],"wp:attachment":[{"href":"https:\/\/escapetoyourfuture.eu\/es\/wp-json\/wp\/v2\/media?parent=885"}],"curies":[{"name":"wp","href":"https:\/\/api.w.org\/{rel}","templated":true}]}}